{"id":9103,"date":"2021-05-28T11:17:40","date_gmt":"2021-05-28T11:17:40","guid":{"rendered":"https:\/\/aquagala.rs\/blog\/"},"modified":"2022-05-27T08:02:19","modified_gmt":"2022-05-27T08:02:19","slug":"blog","status":"publish","type":"page","link":"https:\/\/aquagala.rs\/en\/blog\/","title":{"rendered":"Blog"},"content":{"rendered":"\t\t<div data-elementor-type=\"wp-page\" data-elementor-id=\"9103\" class=\"elementor elementor-9103 elementor-2380\" data-elementor-post-type=\"page\">\n\t\t\t\t\t\t<section class=\"elementor-section elementor-top-section elementor-element elementor-element-cb3e652 elementor-section-full_width elementor-section-height-default elementor-section-height-default qodef-elementor-content-no\" data-id=\"cb3e652\" data-element_type=\"section\" data-e-type=\"section\">\n\t\t\t\t\t\t<div class=\"elementor-container elementor-column-gap-no\">\n\t\t\t\t\t<div class=\"elementor-column elementor-col-100 elementor-top-column elementor-element elementor-element-2d39392\" data-id=\"2d39392\" data-element_type=\"column\" data-e-type=\"column\">\n\t\t\t<div class=\"elementor-widget-wrap elementor-element-populated\">\n\t\t\t\t\t\t<div class=\"elementor-element elementor-element-851622f elementor-widget elementor-widget-qi_addons_for_elementor_blog_list\" data-id=\"851622f\" data-element_type=\"widget\" data-e-type=\"widget\" data-widget_type=\"qi_addons_for_elementor_blog_list.default\">\n\t\t\t\t<div class=\"elementor-widget-container\">\n\t\t\t\t\t<div class=\"qodef-shortcode qodef-m qodef-addons-blog-list qodef--list qodef-alignment--centered qodef-info-no-icons qodef-image--hover-zoom qodef-qi-grid qodef-layout--qi-columns qodef-col-num--3 qodef-item-layout--standard qodef-responsive--custom qodef-col-num--1680--3 qodef-col-num--1440--3 qodef-col-num--1366--3 qodef-col-num--1024--2 qodef-col-num--768--1 qodef-col-num--680--1 qodef-col-num--480--1\" >\n\t<div class=\"qodef-grid-inner\">\n\t\t<article class=\"qodef-e qodef-blog-item qodef-grid-item qodef-item--full post-8983 post type-post status-publish format-standard has-post-thumbnail hentry category-uncategorized-sr\">\n\t<div class=\"qodef-e-inner\">\n\t\t<div class=\"qodef-e-media\">\n\t\t<div class=\"qodef-e-media-image\">\n\t\t<a itemprop=\"url\" href=\"https:\/\/aquagala.rs\/en\/what-exactly-is-a-mineral-of-beauty\/\">\n\t\t\t<img fetchpriority=\"high\" decoding=\"async\" width=\"1300\" height=\"733\" src=\"https:\/\/aquagala.rs\/wp-content\/uploads\/2022\/03\/blog-1-EN.jpg\" class=\"attachment-full size-full\" alt=\"\" srcset=\"https:\/\/aquagala.rs\/wp-content\/uploads\/2022\/03\/blog-1-EN.jpg 1300w, https:\/\/aquagala.rs\/wp-content\/uploads\/2022\/03\/blog-1-EN-300x169.jpg 300w, https:\/\/aquagala.rs\/wp-content\/uploads\/2022\/03\/blog-1-EN-1024x577.jpg 1024w, https:\/\/aquagala.rs\/wp-content\/uploads\/2022\/03\/blog-1-EN-768x433.jpg 768w, https:\/\/aquagala.rs\/wp-content\/uploads\/2022\/03\/blog-1-EN-600x338.jpg 600w\" sizes=\"(max-width: 1300px) 100vw, 1300px\" \/>\t\t<\/a>\n\t\t\t<\/div>\n<\/div>\n\t\t<div class=\"qodef-e-content\">\n\t\t\t\t\t\t<div class=\"qodef-e-text\">\n\t\t\t\t<h5 itemprop=\"name\" class=\"qodef-e-title entry-title\">\n\t<a itemprop=\"url\" class=\"qodef-e-title-link\" href=\"https:\/\/aquagala.rs\/en\/what-exactly-is-a-mineral-of-beauty\/\">\n\t\tWhat exactly is a mineral of beauty?\t<\/a>\n<\/h5>\n\t\t<p itemprop=\"description\" class=\"qodef-e-excerpt\">\n\t\t\tCan you believe that there is a natural mineral that gives the skin elasticity, fullness and firmness, and yet slows down aging and rejuvenates the whole body?\t\t<\/p>\n\t\t\t\t<\/div>\n\t\t\t\t\t<\/div>\n\t<\/div>\n<\/article>\n<article class=\"qodef-e qodef-blog-item qodef-grid-item qodef-item--full post-8987 post type-post status-publish format-standard has-post-thumbnail hentry category-uncategorized\">\n\t<div class=\"qodef-e-inner\">\n\t\t<div class=\"qodef-e-media\">\n\t\t<div class=\"qodef-e-media-image\">\n\t\t<a itemprop=\"url\" href=\"https:\/\/aquagala.rs\/en\/how-to-read-the-mineral-composition-of-water-and-why-is-it-important\/\">\n\t\t\t<img decoding=\"async\" width=\"1640\" height=\"924\" src=\"https:\/\/aquagala.rs\/wp-content\/uploads\/2022\/03\/blog-2.jpg\" class=\"attachment-full size-full\" alt=\"\" srcset=\"https:\/\/aquagala.rs\/wp-content\/uploads\/2022\/03\/blog-2.jpg 1640w, https:\/\/aquagala.rs\/wp-content\/uploads\/2022\/03\/blog-2-300x169.jpg 300w, https:\/\/aquagala.rs\/wp-content\/uploads\/2022\/03\/blog-2-1024x577.jpg 1024w, https:\/\/aquagala.rs\/wp-content\/uploads\/2022\/03\/blog-2-768x433.jpg 768w, https:\/\/aquagala.rs\/wp-content\/uploads\/2022\/03\/blog-2-1536x865.jpg 1536w, https:\/\/aquagala.rs\/wp-content\/uploads\/2022\/03\/blog-2-600x338.jpg 600w\" sizes=\"(max-width: 1640px) 100vw, 1640px\" \/>\t\t<\/a>\n\t\t\t<\/div>\n<\/div>\n\t\t<div class=\"qodef-e-content\">\n\t\t\t\t\t\t<div class=\"qodef-e-text\">\n\t\t\t\t<h5 itemprop=\"name\" class=\"qodef-e-title entry-title\">\n\t<a itemprop=\"url\" class=\"qodef-e-title-link\" href=\"https:\/\/aquagala.rs\/en\/how-to-read-the-mineral-composition-of-water-and-why-is-it-important\/\">\n\t\tHow to read the mineral composition of water and why is it important?\t<\/a>\n<\/h5>\n\t\t<p itemprop=\"description\" class=\"qodef-e-excerpt\">\n\t\t\tWhat do we need to know when choosing bottled water? Bottled waters differ in the ratio of macro and microelements, and it is extremely important that all elements work in synergy.\t\t<\/p>\n\t\t\t\t<\/div>\n\t\t\t\t\t<\/div>\n\t<\/div>\n<\/article>\n<article class=\"qodef-e qodef-blog-item qodef-grid-item qodef-item--full post-8989 post type-post status-publish format-standard has-post-thumbnail hentry category-uncategorized\">\n\t<div class=\"qodef-e-inner\">\n\t\t<div class=\"qodef-e-media\">\n\t\t<div class=\"qodef-e-media-image\">\n\t\t<a itemprop=\"url\" href=\"https:\/\/aquagala.rs\/en\/how-to-choose-the-right-water-for-yourself\/\">\n\t\t\t<img decoding=\"async\" width=\"1640\" height=\"924\" src=\"https:\/\/aquagala.rs\/wp-content\/uploads\/2022\/03\/blog-3.jpg\" class=\"attachment-full size-full\" alt=\"\" srcset=\"https:\/\/aquagala.rs\/wp-content\/uploads\/2022\/03\/blog-3.jpg 1640w, https:\/\/aquagala.rs\/wp-content\/uploads\/2022\/03\/blog-3-300x169.jpg 300w, https:\/\/aquagala.rs\/wp-content\/uploads\/2022\/03\/blog-3-1024x577.jpg 1024w, https:\/\/aquagala.rs\/wp-content\/uploads\/2022\/03\/blog-3-768x433.jpg 768w, https:\/\/aquagala.rs\/wp-content\/uploads\/2022\/03\/blog-3-1536x865.jpg 1536w, https:\/\/aquagala.rs\/wp-content\/uploads\/2022\/03\/blog-3-600x338.jpg 600w\" sizes=\"(max-width: 1640px) 100vw, 1640px\" \/>\t\t<\/a>\n\t\t\t<\/div>\n<\/div>\n\t\t<div class=\"qodef-e-content\">\n\t\t\t\t\t\t<div class=\"qodef-e-text\">\n\t\t\t\t<h5 itemprop=\"name\" class=\"qodef-e-title entry-title\">\n\t<a itemprop=\"url\" class=\"qodef-e-title-link\" href=\"https:\/\/aquagala.rs\/en\/how-to-choose-the-right-water-for-yourself\/\">\n\t\tHow to choose the right water for yourself?\t<\/a>\n<\/h5>\n\t\t<p itemprop=\"description\" class=\"qodef-e-excerpt\">\n\t\t\tThe composition that is important for our health is written on the bottled water declaration. However, not all bottled water is the same.\t\t<\/p>\n\t\t\t\t<\/div>\n\t\t\t\t\t<\/div>\n\t<\/div>\n<\/article>\n<article class=\"qodef-e qodef-blog-item qodef-grid-item qodef-item--full post-8991 post type-post status-publish format-standard has-post-thumbnail hentry category-uncategorized\">\n\t<div class=\"qodef-e-inner\">\n\t\t<div class=\"qodef-e-media\">\n\t\t<div class=\"qodef-e-media-image\">\n\t\t<a itemprop=\"url\" href=\"https:\/\/aquagala.rs\/en\/importance-of-choosing-the-right-water-for-pregnant-women-and-new-mothers\/\">\n\t\t\t<img loading=\"lazy\" decoding=\"async\" width=\"1640\" height=\"924\" src=\"https:\/\/aquagala.rs\/wp-content\/uploads\/2022\/03\/blog-4.jpg\" class=\"attachment-full size-full\" alt=\"\" srcset=\"https:\/\/aquagala.rs\/wp-content\/uploads\/2022\/03\/blog-4.jpg 1640w, https:\/\/aquagala.rs\/wp-content\/uploads\/2022\/03\/blog-4-300x169.jpg 300w, https:\/\/aquagala.rs\/wp-content\/uploads\/2022\/03\/blog-4-1024x577.jpg 1024w, https:\/\/aquagala.rs\/wp-content\/uploads\/2022\/03\/blog-4-768x433.jpg 768w, https:\/\/aquagala.rs\/wp-content\/uploads\/2022\/03\/blog-4-1536x865.jpg 1536w, https:\/\/aquagala.rs\/wp-content\/uploads\/2022\/03\/blog-4-600x338.jpg 600w\" sizes=\"(max-width: 1640px) 100vw, 1640px\" \/>\t\t<\/a>\n\t\t\t<\/div>\n<\/div>\n\t\t<div class=\"qodef-e-content\">\n\t\t\t\t\t\t<div class=\"qodef-e-text\">\n\t\t\t\t<h5 itemprop=\"name\" class=\"qodef-e-title entry-title\">\n\t<a itemprop=\"url\" class=\"qodef-e-title-link\" href=\"https:\/\/aquagala.rs\/en\/importance-of-choosing-the-right-water-for-pregnant-women-and-new-mothers\/\">\n\t\tImportance of choosing the right water for pregnant women and new mothers?\t<\/a>\n<\/h5>\n\t\t<p itemprop=\"description\" class=\"qodef-e-excerpt\">\n\t\t\tIf you are wondering if there is a restriction in the daily intake of Aqua Gala water in children, we have good news.\t\t<\/p>\n\t\t\t\t<\/div>\n\t\t\t\t\t<\/div>\n\t<\/div>\n<\/article>\n<article class=\"qodef-e qodef-blog-item qodef-grid-item qodef-item--full post-8993 post type-post status-publish format-standard has-post-thumbnail hentry category-uncategorized\">\n\t<div class=\"qodef-e-inner\">\n\t\t<div class=\"qodef-e-media\">\n\t\t<div class=\"qodef-e-media-image\">\n\t\t<a itemprop=\"url\" href=\"https:\/\/aquagala.rs\/en\/how-much-water-should-you-really-drink-per-day\/\">\n\t\t\t<img loading=\"lazy\" decoding=\"async\" width=\"1640\" height=\"924\" src=\"https:\/\/aquagala.rs\/wp-content\/uploads\/2022\/03\/blog-5.jpg\" class=\"attachment-full size-full\" alt=\"\" srcset=\"https:\/\/aquagala.rs\/wp-content\/uploads\/2022\/03\/blog-5.jpg 1640w, https:\/\/aquagala.rs\/wp-content\/uploads\/2022\/03\/blog-5-300x169.jpg 300w, https:\/\/aquagala.rs\/wp-content\/uploads\/2022\/03\/blog-5-1024x577.jpg 1024w, https:\/\/aquagala.rs\/wp-content\/uploads\/2022\/03\/blog-5-768x433.jpg 768w, https:\/\/aquagala.rs\/wp-content\/uploads\/2022\/03\/blog-5-1536x865.jpg 1536w, https:\/\/aquagala.rs\/wp-content\/uploads\/2022\/03\/blog-5-600x338.jpg 600w\" sizes=\"(max-width: 1640px) 100vw, 1640px\" \/>\t\t<\/a>\n\t\t\t<\/div>\n<\/div>\n\t\t<div class=\"qodef-e-content\">\n\t\t\t\t\t\t<div class=\"qodef-e-text\">\n\t\t\t\t<h5 itemprop=\"name\" class=\"qodef-e-title entry-title\">\n\t<a itemprop=\"url\" class=\"qodef-e-title-link\" href=\"https:\/\/aquagala.rs\/en\/how-much-water-should-you-really-drink-per-day\/\">\n\t\tHow much water should you (really) drink per day?\t<\/a>\n<\/h5>\n\t\t<p itemprop=\"description\" class=\"qodef-e-excerpt\">\n\t\t\tWe all know the rule that it is necessary to drink 2 liters of water a day. But does that rule apply to each of us?\t\t<\/p>\n\t\t\t\t<\/div>\n\t\t\t\t\t<\/div>\n\t<\/div>\n<\/article>\n<article class=\"qodef-e qodef-blog-item qodef-grid-item qodef-item--full post-8995 post type-post status-publish format-standard has-post-thumbnail hentry category-uncategorized\">\n\t<div class=\"qodef-e-inner\">\n\t\t<div class=\"qodef-e-media\">\n\t\t<div class=\"qodef-e-media-image\">\n\t\t<a itemprop=\"url\" href=\"https:\/\/aquagala.rs\/en\/is-there-a-relationship-between-water-and-skin-hydration\/\">\n\t\t\t<img loading=\"lazy\" decoding=\"async\" width=\"1640\" height=\"924\" src=\"https:\/\/aquagala.rs\/wp-content\/uploads\/2022\/03\/blog-6.jpg\" class=\"attachment-full size-full\" alt=\"\" srcset=\"https:\/\/aquagala.rs\/wp-content\/uploads\/2022\/03\/blog-6.jpg 1640w, https:\/\/aquagala.rs\/wp-content\/uploads\/2022\/03\/blog-6-300x169.jpg 300w, https:\/\/aquagala.rs\/wp-content\/uploads\/2022\/03\/blog-6-1024x577.jpg 1024w, https:\/\/aquagala.rs\/wp-content\/uploads\/2022\/03\/blog-6-768x433.jpg 768w, https:\/\/aquagala.rs\/wp-content\/uploads\/2022\/03\/blog-6-1536x865.jpg 1536w, https:\/\/aquagala.rs\/wp-content\/uploads\/2022\/03\/blog-6-600x338.jpg 600w\" sizes=\"(max-width: 1640px) 100vw, 1640px\" \/>\t\t<\/a>\n\t\t\t<\/div>\n<\/div>\n\t\t<div class=\"qodef-e-content\">\n\t\t\t\t\t\t<div class=\"qodef-e-text\">\n\t\t\t\t<h5 itemprop=\"name\" class=\"qodef-e-title entry-title\">\n\t<a itemprop=\"url\" class=\"qodef-e-title-link\" href=\"https:\/\/aquagala.rs\/en\/is-there-a-relationship-between-water-and-skin-hydration\/\">\n\t\tIs there a relationship between water and skin hydration?\t<\/a>\n<\/h5>\n\t\t<p itemprop=\"description\" class=\"qodef-e-excerpt\">\n\t\t\tDo you know how important skin hydration is and how much water helps us with that?\t\t<\/p>\n\t\t\t\t<\/div>\n\t\t\t\t\t<\/div>\n\t<\/div>\n<\/article>\n\t<\/div>\n\t<\/div>\n\t\t\t\t<\/div>\n\t\t\t\t<\/div>\n\t\t\t\t\t<\/div>\n\t\t<\/div>\n\t\t\t\t\t<\/div>\n\t\t<\/section>\n\t\t\t\t<\/div>\n\t\t","protected":false},"excerpt":{"rendered":"<p>\u0160ta je zapravo mineral lepote? Da li ste verovali da postoji prirodni mineral koji ko\u017ei daje elasti\u010dnost, puno\u0107u i \u010dvrstinu, a opet usporava starenje i podmla\u0111uje \u010ditavo telo? Kako se \u010dita mineralni sastav vode i za\u0161to je on va\u017ean? \u0160ta je ono \u0161to treba da znamo kada biramo fla\u0161iranu vodu? Fla\u0161irane vode razlikuju se po [&hellip;]<\/p>\n","protected":false},"author":9,"featured_media":0,"parent":0,"menu_order":0,"comment_status":"closed","ping_status":"closed","template":"","meta":{"footnotes":""},"class_list":["post-9103","page","type-page","status-publish","hentry"],"yoast_head":"<!-- This site is optimized with the Yoast SEO plugin v27.3 - https:\/\/yoast.com\/product\/yoast-seo-wordpress\/ -->\n<title>Blog - Aqua Gala<\/title>\n<meta name=\"robots\" content=\"index, follow, max-snippet:-1, max-image-preview:large, max-video-preview:-1\" \/>\n<link rel=\"canonical\" href=\"https:\/\/aquagala.rs\/blog\/\" \/>\n<meta property=\"og:locale\" content=\"en_US\" \/>\n<meta property=\"og:type\" content=\"article\" \/>\n<meta property=\"og:title\" content=\"Blog - Aqua Gala\" \/>\n<meta property=\"og:description\" content=\"\u0160ta je zapravo mineral lepote? Da li ste verovali da postoji prirodni mineral koji ko\u017ei daje elasti\u010dnost, puno\u0107u i \u010dvrstinu, a opet usporava starenje i podmla\u0111uje \u010ditavo telo? Kako se \u010dita mineralni sastav vode i za\u0161to je on va\u017ean? \u0160ta je ono \u0161to treba da znamo kada biramo fla\u0161iranu vodu? Fla\u0161irane vode razlikuju se po [&hellip;]\" \/>\n<meta property=\"og:url\" content=\"https:\/\/aquagala.rs\/blog\/\" \/>\n<meta property=\"og:site_name\" content=\"Aqua Gala\" \/>\n<meta property=\"article:modified_time\" content=\"2022-05-27T08:02:19+00:00\" \/>\n<meta property=\"og:image\" content=\"https:\/\/aquagala.rs\/wp-content\/uploads\/2022\/05\/blog-1-new.jpg\" \/>\n<meta name=\"twitter:card\" content=\"summary_large_image\" \/>\n<meta name=\"twitter:label1\" content=\"Est. reading time\" \/>\n\t<meta name=\"twitter:data1\" content=\"3 minutes\" \/>\n<script type=\"application\/ld+json\" class=\"yoast-schema-graph\">{\"@context\":\"https:\\\/\\\/schema.org\",\"@graph\":[{\"@type\":\"WebPage\",\"@id\":\"https:\\\/\\\/aquagala.rs\\\/blog\\\/\",\"url\":\"https:\\\/\\\/aquagala.rs\\\/blog\\\/\",\"name\":\"Blog - Aqua Gala\",\"isPartOf\":{\"@id\":\"https:\\\/\\\/aquagala.rs\\\/#website\"},\"primaryImageOfPage\":{\"@id\":\"https:\\\/\\\/aquagala.rs\\\/blog\\\/#primaryimage\"},\"image\":{\"@id\":\"https:\\\/\\\/aquagala.rs\\\/blog\\\/#primaryimage\"},\"thumbnailUrl\":\"https:\\\/\\\/aquagala.rs\\\/wp-content\\\/uploads\\\/2022\\\/05\\\/blog-1-new.jpg\",\"datePublished\":\"2021-05-28T11:17:40+00:00\",\"dateModified\":\"2022-05-27T08:02:19+00:00\",\"breadcrumb\":{\"@id\":\"https:\\\/\\\/aquagala.rs\\\/blog\\\/#breadcrumb\"},\"inLanguage\":\"en-US\",\"potentialAction\":[{\"@type\":\"ReadAction\",\"target\":[\"https:\\\/\\\/aquagala.rs\\\/blog\\\/\"]}]},{\"@type\":\"ImageObject\",\"inLanguage\":\"en-US\",\"@id\":\"https:\\\/\\\/aquagala.rs\\\/blog\\\/#primaryimage\",\"url\":\"https:\\\/\\\/aquagala.rs\\\/wp-content\\\/uploads\\\/2022\\\/05\\\/blog-1-new.jpg\",\"contentUrl\":\"https:\\\/\\\/aquagala.rs\\\/wp-content\\\/uploads\\\/2022\\\/05\\\/blog-1-new.jpg\"},{\"@type\":\"BreadcrumbList\",\"@id\":\"https:\\\/\\\/aquagala.rs\\\/blog\\\/#breadcrumb\",\"itemListElement\":[{\"@type\":\"ListItem\",\"position\":1,\"name\":\"Po\u010detna\",\"item\":\"https:\\\/\\\/aquagala.rs\\\/en\\\/\"},{\"@type\":\"ListItem\",\"position\":2,\"name\":\"Blog\"}]},{\"@type\":\"WebSite\",\"@id\":\"https:\\\/\\\/aquagala.rs\\\/#website\",\"url\":\"https:\\\/\\\/aquagala.rs\\\/\",\"name\":\"Aqua Gala\",\"description\":\"\",\"publisher\":{\"@id\":\"https:\\\/\\\/aquagala.rs\\\/#organization\"},\"potentialAction\":[{\"@type\":\"SearchAction\",\"target\":{\"@type\":\"EntryPoint\",\"urlTemplate\":\"https:\\\/\\\/aquagala.rs\\\/?s={search_term_string}\"},\"query-input\":{\"@type\":\"PropertyValueSpecification\",\"valueRequired\":true,\"valueName\":\"search_term_string\"}}],\"inLanguage\":\"en-US\"},{\"@type\":\"Organization\",\"@id\":\"https:\\\/\\\/aquagala.rs\\\/#organization\",\"name\":\"Aqua Gala\",\"url\":\"https:\\\/\\\/aquagala.rs\\\/\",\"logo\":{\"@type\":\"ImageObject\",\"inLanguage\":\"en-US\",\"@id\":\"https:\\\/\\\/aquagala.rs\\\/#\\\/schema\\\/logo\\\/image\\\/\",\"url\":\"https:\\\/\\\/aquagala.rs\\\/wp-content\\\/uploads\\\/2022\\\/03\\\/aqua_gala_negazirana_voda_logo.png\",\"contentUrl\":\"https:\\\/\\\/aquagala.rs\\\/wp-content\\\/uploads\\\/2022\\\/03\\\/aqua_gala_negazirana_voda_logo.png\",\"width\":2224,\"height\":1252,\"caption\":\"Aqua Gala\"},\"image\":{\"@id\":\"https:\\\/\\\/aquagala.rs\\\/#\\\/schema\\\/logo\\\/image\\\/\"}}]}<\/script>\n<!-- \/ Yoast SEO plugin. -->","yoast_head_json":{"title":"Blog - Aqua Gala","robots":{"index":"index","follow":"follow","max-snippet":"max-snippet:-1","max-image-preview":"max-image-preview:large","max-video-preview":"max-video-preview:-1"},"canonical":"https:\/\/aquagala.rs\/blog\/","og_locale":"en_US","og_type":"article","og_title":"Blog - Aqua Gala","og_description":"\u0160ta je zapravo mineral lepote? Da li ste verovali da postoji prirodni mineral koji ko\u017ei daje elasti\u010dnost, puno\u0107u i \u010dvrstinu, a opet usporava starenje i podmla\u0111uje \u010ditavo telo? Kako se \u010dita mineralni sastav vode i za\u0161to je on va\u017ean? \u0160ta je ono \u0161to treba da znamo kada biramo fla\u0161iranu vodu? Fla\u0161irane vode razlikuju se po [&hellip;]","og_url":"https:\/\/aquagala.rs\/blog\/","og_site_name":"Aqua Gala","article_modified_time":"2022-05-27T08:02:19+00:00","og_image":[{"url":"https:\/\/aquagala.rs\/wp-content\/uploads\/2022\/05\/blog-1-new.jpg","type":"","width":"","height":""}],"twitter_card":"summary_large_image","twitter_misc":{"Est. reading time":"3 minutes"},"schema":{"@context":"https:\/\/schema.org","@graph":[{"@type":"WebPage","@id":"https:\/\/aquagala.rs\/blog\/","url":"https:\/\/aquagala.rs\/blog\/","name":"Blog - Aqua Gala","isPartOf":{"@id":"https:\/\/aquagala.rs\/#website"},"primaryImageOfPage":{"@id":"https:\/\/aquagala.rs\/blog\/#primaryimage"},"image":{"@id":"https:\/\/aquagala.rs\/blog\/#primaryimage"},"thumbnailUrl":"https:\/\/aquagala.rs\/wp-content\/uploads\/2022\/05\/blog-1-new.jpg","datePublished":"2021-05-28T11:17:40+00:00","dateModified":"2022-05-27T08:02:19+00:00","breadcrumb":{"@id":"https:\/\/aquagala.rs\/blog\/#breadcrumb"},"inLanguage":"en-US","potentialAction":[{"@type":"ReadAction","target":["https:\/\/aquagala.rs\/blog\/"]}]},{"@type":"ImageObject","inLanguage":"en-US","@id":"https:\/\/aquagala.rs\/blog\/#primaryimage","url":"https:\/\/aquagala.rs\/wp-content\/uploads\/2022\/05\/blog-1-new.jpg","contentUrl":"https:\/\/aquagala.rs\/wp-content\/uploads\/2022\/05\/blog-1-new.jpg"},{"@type":"BreadcrumbList","@id":"https:\/\/aquagala.rs\/blog\/#breadcrumb","itemListElement":[{"@type":"ListItem","position":1,"name":"Po\u010detna","item":"https:\/\/aquagala.rs\/en\/"},{"@type":"ListItem","position":2,"name":"Blog"}]},{"@type":"WebSite","@id":"https:\/\/aquagala.rs\/#website","url":"https:\/\/aquagala.rs\/","name":"Aqua Gala","description":"","publisher":{"@id":"https:\/\/aquagala.rs\/#organization"},"potentialAction":[{"@type":"SearchAction","target":{"@type":"EntryPoint","urlTemplate":"https:\/\/aquagala.rs\/?s={search_term_string}"},"query-input":{"@type":"PropertyValueSpecification","valueRequired":true,"valueName":"search_term_string"}}],"inLanguage":"en-US"},{"@type":"Organization","@id":"https:\/\/aquagala.rs\/#organization","name":"Aqua Gala","url":"https:\/\/aquagala.rs\/","logo":{"@type":"ImageObject","inLanguage":"en-US","@id":"https:\/\/aquagala.rs\/#\/schema\/logo\/image\/","url":"https:\/\/aquagala.rs\/wp-content\/uploads\/2022\/03\/aqua_gala_negazirana_voda_logo.png","contentUrl":"https:\/\/aquagala.rs\/wp-content\/uploads\/2022\/03\/aqua_gala_negazirana_voda_logo.png","width":2224,"height":1252,"caption":"Aqua Gala"},"image":{"@id":"https:\/\/aquagala.rs\/#\/schema\/logo\/image\/"}}]}},"jetpack_sharing_enabled":true,"_links":{"self":[{"href":"https:\/\/aquagala.rs\/en\/wp-json\/wp\/v2\/pages\/9103","targetHints":{"allow":["GET"]}}],"collection":[{"href":"https:\/\/aquagala.rs\/en\/wp-json\/wp\/v2\/pages"}],"about":[{"href":"https:\/\/aquagala.rs\/en\/wp-json\/wp\/v2\/types\/page"}],"author":[{"embeddable":true,"href":"https:\/\/aquagala.rs\/en\/wp-json\/wp\/v2\/users\/9"}],"replies":[{"embeddable":true,"href":"https:\/\/aquagala.rs\/en\/wp-json\/wp\/v2\/comments?post=9103"}],"version-history":[{"count":0,"href":"https:\/\/aquagala.rs\/en\/wp-json\/wp\/v2\/pages\/9103\/revisions"}],"wp:attachment":[{"href":"https:\/\/aquagala.rs\/en\/wp-json\/wp\/v2\/media?parent=9103"}],"curies":[{"name":"wp","href":"https:\/\/api.w.org\/{rel}","templated":true}]}}